{"id":12759,"date":"2026-04-18T16:25:51","date_gmt":"2026-04-18T16:25:51","guid":{"rendered":"https:\/\/aiia.al\/?page_id=12759"},"modified":"2026-04-18T16:28:07","modified_gmt":"2026-04-18T16:28:07","slug":"conference","status":"publish","type":"page","link":"https:\/\/aiia.al\/index.php\/conference\/","title":{"rendered":"Konference"},"content":{"rendered":"\t\t<div data-elementor-type=\"wp-page\" data-elementor-id=\"12759\" class=\"elementor elementor-12759\" data-elementor-post-type=\"page\">\n\t\t\t\t\t\t<section class=\"elementor-section elementor-top-section elementor-element elementor-element-44c23b4e elementor-section-full_width elementor-section-height-min-height elementor-section-content-middle elementor-section-height-default elementor-section-items-middle\" data-id=\"44c23b4e\" data-element_type=\"section\" data-settings=\"{&quot;background_background&quot;:&quot;classic&quot;}\">\n\t\t\t\t\t\t\t<div class=\"elementor-background-overlay\"><\/div>\n\t\t\t\t\t\t\t<div class=\"elementor-container elementor-column-gap-no\">\n\t\t\t\t\t<div class=\"elementor-column elementor-col-100 elementor-top-column elementor-element elementor-element-76576dba\" data-id=\"76576dba\" data-element_type=\"column\">\n\t\t\t<div class=\"elementor-widget-wrap elementor-element-populated\">\n\t\t\t\t\t\t<div class=\"elementor-element elementor-element-59730f05 elementor-widget elementor-widget-wesper-section-title\" data-id=\"59730f05\" data-element_type=\"widget\" data-widget_type=\"wesper-section-title.default\">\n\t\t\t\t<div class=\"elementor-widget-container\">\n\t\t\t          <div class=\"jlcus_sec_title jl_sec_style8 jl_secf_title  no \">\n            <div class=\"jlcus_sect_inner\">\n                                    <h2 class=\"jl-heading-text\">            \n                        <span>\n                                                            Empowering Internal Audit                                                     <\/span>            \n                  <\/h2>\n                                    \n                              <\/div>                    \n                      <\/div>                    \n    \t\t<\/div>\n\t\t\t\t<\/div>\n\t\t\t\t\t<\/div>\n\t\t<\/div>\n\t\t\t\t\t<\/div>\n\t\t<\/section>\n\t\t\t\t<section class=\"elementor-section elementor-top-section elementor-element elementor-element-7ab05136 elementor-section-boxed elementor-section-height-default elementor-section-height-default\" data-id=\"7ab05136\" data-element_type=\"section\">\n\t\t\t\t\t\t<div class=\"elementor-container elementor-column-gap-no\">\n\t\t\t\t\t<div class=\"elementor-column elementor-col-50 elementor-top-column elementor-element elementor-element-486612\" data-id=\"486612\" data-element_type=\"column\">\n\t\t\t<div class=\"elementor-widget-wrap elementor-element-populated\">\n\t\t\t\t\t\t<div class=\"elementor-element elementor-element-453876c2 elementor-widget elementor-widget-wesper-section-title\" data-id=\"453876c2\" data-element_type=\"widget\" data-widget_type=\"wesper-section-title.default\">\n\t\t\t\t<div class=\"elementor-widget-container\">\n\t\t\t          <div class=\"jlcus_sec_title jl_sec_style8 jl_secf_title  no \">\n            <div class=\"jlcus_sect_inner\">\n                                    <h2 class=\"jl-heading-text\">            \n                        <span>\n                                                            Mos ngurroni t\u00eb na kontaktoni ose t\u00eb na pyesni                                                    <\/span>            \n                  <\/h2>\n                                    \n                              <\/div>                    \n                      <\/div>                    \n    \t\t<\/div>\n\t\t\t\t<\/div>\n\t\t\t\t<div class=\"elementor-element elementor-element-4c677fb1 elementor-widget elementor-widget-wesper-section-title\" data-id=\"4c677fb1\" data-element_type=\"widget\" data-widget_type=\"wesper-section-title.default\">\n\t\t\t\t<div class=\"elementor-widget-container\">\n\t\t\t          <div class=\"jlcus_sec_title jl_sec_style8 jl_secf_body  no \">\n            <div class=\"jlcus_sect_inner\">\n                                    <p class=\"jl-heading-text\">            \n                        <span>\n                                                             Ekipi yn\u00eb \u00ebsht\u00eb gati t\u00eb ju ndihmoj\u00eb dhe t\u00eb p\u00ebrgjigjet n\u00eb \u00e7do koh\u00eb. Na d\u00ebrgoni nj\u00eb mesazh dhe do t&#039;iu kontaktojm\u00eb p\u00ebr cdo paqart\u00ebsi q\u00eb ju keni duke plot\u00ebsuar form\u00ebn e kontaktit.                                                    <\/span>            \n                  <\/p>\n                                    \n                              <\/div>                    \n                      <\/div>                    \n    \t\t<\/div>\n\t\t\t\t<\/div>\n\t\t\t\t<div class=\"elementor-element elementor-element-f3065de elementor-widget elementor-widget-wesper-section-title\" data-id=\"f3065de\" data-element_type=\"widget\" data-widget_type=\"wesper-section-title.default\">\n\t\t\t\t<div class=\"elementor-widget-container\">\n\t\t\t          <div class=\"jlcus_sec_title jl_sec_style8 jl_secf_title  no \">\n            <div class=\"jlcus_sect_inner\">\n                                    <h2 class=\"jl-heading-text\">            \n                        <span>\n                                                            Vendodhja                                                    <\/span>            \n                  <\/h2>\n                                    \n                              <\/div>                    \n                      <\/div>                    \n    \t\t<\/div>\n\t\t\t\t<\/div>\n\t\t\t\t<div class=\"elementor-element elementor-element-71ae1c79 elementor-widget elementor-widget-wesper-section-title\" data-id=\"71ae1c79\" data-element_type=\"widget\" data-widget_type=\"wesper-section-title.default\">\n\t\t\t\t<div class=\"elementor-widget-container\">\n\t\t\t          <div class=\"jlcus_sec_title jl_sec_style8 jl_secf_body  no \">\n            <div class=\"jlcus_sect_inner\">\n                                    <p class=\"jl-heading-text\">            \n                        <span>\n                                                            Tirane, Tirane, Tirana 01000, AL                                                    <\/span>            \n                  <\/p>\n                                    \n                              <\/div>                    \n                      <\/div>                    \n    \t\t<\/div>\n\t\t\t\t<\/div>\n\t\t\t\t<div class=\"elementor-element elementor-element-2940ffd1 elementor-widget elementor-widget-wesper-section-title\" data-id=\"2940ffd1\" data-element_type=\"widget\" data-widget_type=\"wesper-section-title.default\">\n\t\t\t\t<div class=\"elementor-widget-container\">\n\t\t\t          <div class=\"jlcus_sec_title jl_sec_style8 jl_secf_body  no \">\n            <div class=\"jlcus_sect_inner\">\n                                    <p class=\"jl-heading-text\">            \n                        <span>\n                                                            info@aiia.al                                                    <\/span>            \n                  <\/p>\n                                    \n                              <\/div>                    \n                      <\/div>                    \n    \t\t<\/div>\n\t\t\t\t<\/div>\n\t\t\t\t\t<\/div>\n\t\t<\/div>\n\t\t\t\t<div class=\"elementor-column elementor-col-50 elementor-top-column elementor-element elementor-element-4b9a9234\" data-id=\"4b9a9234\" data-element_type=\"column\">\n\t\t\t<div class=\"elementor-widget-wrap elementor-element-populated\">\n\t\t\t\t\t\t<div class=\"elementor-element elementor-element-7bfed9f6 elementor-widget elementor-widget-wp-widget-wesper_c7\" data-id=\"7bfed9f6\" data-element_type=\"widget\" data-widget_type=\"wp-widget-wesper_c7.default\">\n\t\t\t\t<div class=\"elementor-widget-container\">\n\t\t\t<div class=\"widget_jl_wrapper jl-cf7-wrapper\">\r\n        <div class=\"jl-contact-form-7\">\r\n\t\t<p class=\"wpcf7-contact-form-not-found\"><strong>Gabim:<\/strong> S\u2019u gjet formular kontaktesh.<\/p>\t<\/div>\r\n    <\/div>\t\t<\/div>\n\t\t\t\t<\/div>\n\t\t\t\t\t<\/div>\n\t\t<\/div>\n\t\t\t\t\t<\/div>\n\t\t<\/section>\n\t\t\t\t<\/div>\n\t\t","protected":false},"excerpt":{"rendered":"<p>Empowering Internal Audit Mos ngurroni t\u00eb na kontaktoni ose t\u00eb na pyesni Ekipi yn\u00eb \u00ebsht\u00eb gati t\u00eb ju ndihmoj\u00eb dhe t\u00eb p\u00ebrgjigjet n\u00eb \u00e7do koh\u00eb. Na d\u00ebrgoni nj\u00eb mesazh dhe do t&#039;iu kontaktojm\u00eb p\u00ebr cdo paqart\u00ebsi q\u00eb ju keni duke plot\u00ebsuar form\u00ebn e kontaktit. Vendodhja Tirane, Tirane, Tirana 01000, AL info@aiia.al<\/p>\n","protected":false},"author":2,"featured_media":0,"parent":0,"menu_order":0,"comment_status":"closed","ping_status":"closed","template":"home-page-builder.php","meta":{"pmpro_default_level":"","_themeisle_gutenberg_block_has_review":false,"footnotes":""},"_links":{"self":[{"href":"https:\/\/aiia.al\/index.php\/wp-json\/wp\/v2\/pages\/12759"}],"collection":[{"href":"https:\/\/aiia.al\/index.php\/wp-json\/wp\/v2\/pages"}],"about":[{"href":"https:\/\/aiia.al\/index.php\/wp-json\/wp\/v2\/types\/page"}],"author":[{"embeddable":true,"href":"https:\/\/aiia.al\/index.php\/wp-json\/wp\/v2\/users\/2"}],"replies":[{"embeddable":true,"href":"https:\/\/aiia.al\/index.php\/wp-json\/wp\/v2\/comments?post=12759"}],"version-history":[{"count":5,"href":"https:\/\/aiia.al\/index.php\/wp-json\/wp\/v2\/pages\/12759\/revisions"}],"predecessor-version":[{"id":12765,"href":"https:\/\/aiia.al\/index.php\/wp-json\/wp\/v2\/pages\/12759\/revisions\/12765"}],"wp:attachment":[{"href":"https:\/\/aiia.al\/index.php\/wp-json\/wp\/v2\/media?parent=12759"}],"curies":[{"name":"wp","href":"https:\/\/api.w.org\/{rel}","templated":true}]}}