{"id":11891,"date":"2024-04-30T15:52:41","date_gmt":"2024-04-30T15:52:41","guid":{"rendered":"https:\/\/aiia.al\/?page_id=11891"},"modified":"2024-05-02T14:05:36","modified_gmt":"2024-05-02T14:05:36","slug":"auditimi-i-brendshem","status":"publish","type":"page","link":"https:\/\/aiia.al\/index.php\/auditimi-i-brendshem\/","title":{"rendered":"Auditimi i Brendsh\u00ebm"},"content":{"rendered":"\t\t<div data-elementor-type=\"wp-page\" data-elementor-id=\"11891\" class=\"elementor elementor-11891\" data-elementor-post-type=\"page\">\n\t\t\t\t\t\t<section class=\"elementor-section elementor-top-section elementor-element elementor-element-229ff02 elementor-section-full_width elementor-section-height-min-height elementor-section-content-middle elementor-section-height-default elementor-section-items-middle\" data-id=\"229ff02\" data-element_type=\"section\" data-settings=\"{&quot;background_background&quot;:&quot;classic&quot;}\">\n\t\t\t\t\t\t\t<div class=\"elementor-background-overlay\"><\/div>\n\t\t\t\t\t\t\t<div class=\"elementor-container elementor-column-gap-no\">\n\t\t\t\t\t<div class=\"elementor-column elementor-col-100 elementor-top-column elementor-element elementor-element-fa8e79b\" data-id=\"fa8e79b\" data-element_type=\"column\">\n\t\t\t<div class=\"elementor-widget-wrap elementor-element-populated\">\n\t\t\t\t\t\t<div class=\"elementor-element elementor-element-73571f5 elementor-widget elementor-widget-wesper-section-title\" data-id=\"73571f5\" data-element_type=\"widget\" data-widget_type=\"wesper-section-title.default\">\n\t\t\t\t<div class=\"elementor-widget-container\">\n\t\t\t          <div class=\"jlcus_sec_title jl_sec_style8 jl_secf_title  no \">\n            <div class=\"jlcus_sect_inner\">\n                                    <h2 class=\"jl-heading-text\">            \n                        <span>\n                                                            Auditimi i Brendsh\u00ebm                                                    <\/span>            \n                  <\/h2>\n                                    \n                              <\/div>                    \n                      <\/div>                    \n    \t\t<\/div>\n\t\t\t\t<\/div>\n\t\t\t\t\t<\/div>\n\t\t<\/div>\n\t\t\t\t\t<\/div>\n\t\t<\/section>\n\t\t<div class=\"elementor-element elementor-element-4651211 e-flex e-con-boxed e-con e-parent\" data-id=\"4651211\" data-element_type=\"container\">\n\t\t\t\t\t<div class=\"e-con-inner\">\n\t\t<div class=\"elementor-element elementor-element-546de89 e-con-full e-flex e-con e-child\" data-id=\"546de89\" data-element_type=\"container\">\n\t\t\t\t<div class=\"elementor-element elementor-element-179e6fa elementor-widget elementor-widget-image\" data-id=\"179e6fa\" data-element_type=\"widget\" data-widget_type=\"image.default\">\n\t\t\t\t<div class=\"elementor-widget-container\">\n\t\t\t<style>\/*! elementor - v3.21.0 - 15-04-2024 *\/\n.elementor-widget-image{text-align:center}.elementor-widget-image a{display:inline-block}.elementor-widget-image a img[src$=\".svg\"]{width:48px}.elementor-widget-image img{vertical-align:middle;display:inline-block}<\/style>\t\t\t\t\t\t\t\t\t\t<img fetchpriority=\"high\" decoding=\"async\" width=\"1024\" height=\"683\" src=\"https:\/\/aiia.al\/wp-content\/uploads\/2024\/04\/content-audit-spreadsheet-20x13.jpeg\" class=\"attachment-large size-large wp-image-11900 jl-lazyload lazyload\" alt=\"\" data-src=\"https:\/\/aiia.al\/wp-content\/uploads\/2024\/04\/content-audit-spreadsheet-1024x683.jpeg\" srcset=\"https:\/\/aiia.al\/wp-content\/uploads\/2024\/04\/content-audit-spreadsheet-20x13.jpeg 20w, https:\/\/aiia.al\/wp-content\/uploads\/2024\/04\/content-audit-spreadsheet-300x200.jpeg 300w, https:\/\/aiia.al\/wp-content\/uploads\/2024\/04\/content-audit-spreadsheet-1024x683.jpeg 1024w, https:\/\/aiia.al\/wp-content\/uploads\/2024\/04\/content-audit-spreadsheet-768x512.jpeg 768w, https:\/\/aiia.al\/wp-content\/uploads\/2024\/04\/content-audit-spreadsheet-1536x1024.jpeg 1536w, https:\/\/aiia.al\/wp-content\/uploads\/2024\/04\/content-audit-spreadsheet-2048x1366.jpeg 2048w, https:\/\/aiia.al\/wp-content\/uploads\/2024\/04\/content-audit-spreadsheet-1600x1067.jpeg 1600w, https:\/\/aiia.al\/wp-content\/uploads\/2024\/04\/content-audit-spreadsheet-1100x733.jpeg 1100w, https:\/\/aiia.al\/wp-content\/uploads\/2024\/04\/content-audit-spreadsheet-600x400.jpeg 600w\" sizes=\"(max-width: 1024px) 100vw, 1024px\" \/>\t\t\t\t\t\t\t\t\t\t\t\t\t<\/div>\n\t\t\t\t<\/div>\n\t\t\t\t<\/div>\n\t\t<div class=\"elementor-element elementor-element-3e728c5 e-con-full e-flex e-con e-child\" data-id=\"3e728c5\" data-element_type=\"container\">\n\t\t<div class=\"elementor-element elementor-element-f82ea72 e-flex e-con-boxed e-con e-child\" data-id=\"f82ea72\" data-element_type=\"container\">\n\t\t\t\t\t<div class=\"e-con-inner\">\n\t\t\t\t<div class=\"elementor-element elementor-element-969f7f0 elementor-widget elementor-widget-wesper-section-title\" data-id=\"969f7f0\" data-element_type=\"widget\" data-widget_type=\"wesper-section-title.default\">\n\t\t\t\t<div class=\"elementor-widget-container\">\n\t\t\t          <div class=\"jlcus_sec_title jl_sec_style1 jl_secf_title  no \">\n            <div class=\"jlcus_sect_inner\">\n                                    <h1 class=\"jl-heading-text\">            \n                        <span>\n                                                            Mbi Profesionin e Auditimit t\u00eb Brendsh\u00ebm                                                    <\/span>            \n                  <\/h1>\n                                    \n                              <\/div>                    \n                      <\/div>                    \n    \t\t<\/div>\n\t\t\t\t<\/div>\n\t\t\t\t\t<\/div>\n\t\t\t\t<\/div>\n\t\t<div class=\"elementor-element elementor-element-0590bd8 e-flex e-con-boxed e-con e-child\" data-id=\"0590bd8\" data-element_type=\"container\">\n\t\t\t\t\t<div class=\"e-con-inner\">\n\t\t\t\t<div class=\"elementor-element elementor-element-edf156f elementor-widget__width-initial elementor-widget elementor-widget-wesper-section-title\" data-id=\"edf156f\" data-element_type=\"widget\" data-widget_type=\"wesper-section-title.default\">\n\t\t\t\t<div class=\"elementor-widget-container\">\n\t\t\t          <div class=\"jlcus_sec_title jl_sec_style8 jl_secf_body  no \">\n            <div class=\"jlcus_sect_inner\">\n                                    <p class=\"jl-heading-text\">            \n                        <span>\n                                                            Auditimi i brendsh\u00ebm \u00ebsht\u00eb nj\u00eb profesion dinamik dhe mjaft interesant pasi t\u00eb jep mund\u00ebsi t\u00eb panum\u00ebrta p\u00ebr t\u2019u zhvilluar profesionalisht dhe p\u00ebr t\u00eb dh\u00ebn\u00eb nj\u00eb kontribut t\u00eb duksh\u00ebm n\u00eb t\u00eb gjitha nivelet organizative. Audituesi i brendsh\u00ebm luan rolin e nj\u00eb partneri t\u00eb r\u00ebnd\u00ebsish\u00ebm q\u00eb ndihmon organizat\u00ebn p\u00ebrkat\u00ebse t\u00eb p\u00ebrmbush\u00eb objektivat e saj duke sjell\u00eb nj\u00eb p\u00ebrqasje sistematike dhe t\u00eb disiplinuar n\u00eb vler\u00ebsimin dhe p\u00ebrmir\u00ebsin e menaxhimit t\u00eb riskut, kontrollit dhe proceseve t\u00eb qeverisjes.                                                    <\/span>            \n                  <\/p>\n                                    \n                              <\/div>                    \n                      <\/div>                    \n    \t\t<\/div>\n\t\t\t\t<\/div>\n\t\t\t\t\t<\/div>\n\t\t\t\t<\/div>\n\t\t\t\t<\/div>\n\t\t\t\t\t<\/div>\n\t\t\t\t<\/div>\n\t\t<div class=\"elementor-element elementor-element-86c9df4 e-flex e-con-boxed e-con e-parent\" data-id=\"86c9df4\" data-element_type=\"container\">\n\t\t\t\t\t<div class=\"e-con-inner\">\n\t\t\t\t<div class=\"elementor-element elementor-element-80c67f9 elementor-widget__width-initial elementor-widget elementor-widget-text-editor\" data-id=\"80c67f9\" data-element_type=\"widget\" data-widget_type=\"text-editor.default\">\n\t\t\t\t<div class=\"elementor-widget-container\">\n\t\t\t<style>\/*! elementor - v3.21.0 - 15-04-2024 *\/\n.elementor-widget-text-editor.elementor-drop-cap-view-stacked .elementor-drop-cap{background-color:#69727d;color:#fff}.elementor-widget-text-editor.elementor-drop-cap-view-framed .elementor-drop-cap{color:#69727d;border:3px solid;background-color:transparent}.elementor-widget-text-editor:not(.elementor-drop-cap-view-default) .elementor-drop-cap{margin-top:8px}.elementor-widget-text-editor:not(.elementor-drop-cap-view-default) .elementor-drop-cap-letter{width:1em;height:1em}.elementor-widget-text-editor .elementor-drop-cap{float:left;text-align:center;line-height:1;font-size:50px}.elementor-widget-text-editor .elementor-drop-cap-letter{display:inline-block}<\/style>\t\t\t\t<p>Profesionist\u00ebt q\u00eb veprojn\u00eb n\u00eb fush\u00ebn e auditimit t\u00eb brendsh\u00ebm kan\u00eb nj\u00eb kuptim t\u00eb thell\u00eb t\u00eb kultur\u00ebs, sistemeve dhe proceseve\u00a0\u00a0t\u00eb biznesit. K\u00ebshtu, ata mund t\u00eb drejtojn\u00eb aktivitetin e auditimit t\u00eb brendsh\u00ebm t\u00eb jap\u00eb\u00a0siguridh\u00ebnien e duhur q\u00eb:<\/p><ul><li>Kontrollet e brendshme jan\u00eb t\u00eb mjaftueshme p\u00ebr t\u00eb zvog\u00ebluar risqet;<\/li><li>Proceset e qeverisjes jan\u00eb efektive dhe efi\u00e7ente, si dhe;<\/li><li>Objektivat organizative jan\u00eb arritur.<\/li><\/ul><p>P\u00ebr k\u00ebt\u00eb, audituesve t\u00eb brendsh\u00ebm u duhet t\u00eb vler\u00ebsojn\u00eb teknologji t\u00eb reja; t\u00eb shqyrtojn\u00eb\u00a0\u00e7\u00ebshtje dhe\u00a0problematika globale; t\u00eb analizojn\u00eb risqe, kontrolle, dilema etike, cil\u00ebsi dhe efi\u00e7enc\u00eb; t\u00eb japin sigurisiguridh\u00ebnie\u00a0q\u00eb kontrollet ekzistuese jan\u00eb t\u00eb mjaftueshme p\u00ebr t\u00eb zvog\u00ebluar\u00a0risqet; t\u00eb komunikojn\u00eb me qart\u00ebsi dhe sakt\u00ebsi. Nj\u00eb diversitet i till\u00eb u\u00a0jep audituesve t\u00eb\u00a0brendsh\u00ebm nj\u00eb perspektiv\u00eb t\u00eb gjer\u00eb mbi organizat\u00ebn.\u00a0P\u00ebr m\u00eb tep\u00ebr, i b\u00ebn ata t\u00eb jen\u00eb nj\u00eb burim i vlefsh\u00ebm p\u00ebr menaxhimin ekzekutiv\u00a0dhe bordin drejtues duke i ndihmuar k\u00ebta t\u00eb fundit n\u00eb p\u00ebrmbushjen e objektivave si dhe n\u00eb forcimin e kontrolleve t\u00eb brendsh\u00ebm dhe qeverisjes organizative.<\/p>\t\t\t\t\t\t<\/div>\n\t\t\t\t<\/div>\n\t\t\t\t\t<\/div>\n\t\t\t\t<\/div>\n\t\t<div class=\"elementor-element elementor-element-370b430 e-flex e-con-boxed e-con e-parent\" data-id=\"370b430\" data-element_type=\"container\">\n\t\t\t\t\t<div class=\"e-con-inner\">\n\t\t\t\t<div class=\"elementor-element elementor-element-8c83f22 elementor-alert-info elementor-widget elementor-widget-alert\" data-id=\"8c83f22\" data-element_type=\"widget\" data-widget_type=\"alert.default\">\n\t\t\t\t<div class=\"elementor-widget-container\">\n\t\t\t<style>\/*! elementor - v3.21.0 - 15-04-2024 *\/\n.elementor-alert{padding:15px;border-left:5px solid transparent;position:relative;text-align:start}.elementor-alert .elementor-alert-title{display:block;font-weight:700}.elementor-alert .elementor-alert-description{font-size:13px}.elementor-alert button.elementor-alert-dismiss{position:absolute;right:var(--dismiss-icon-horizontal-position,10px);top:var(--dismiss-icon-vertical-position,10px);padding:3px;font-size:var(--dismiss-icon-size,20px);line-height:1;background:transparent;color:var(--dismiss-icon-normal-color,inherit);border:none;cursor:pointer;transition-duration:var(--dismiss-icon-hover-transition-duration,.3s)}.elementor-alert button.elementor-alert-dismiss:hover{color:var(--dismiss-icon-hover-color,inherit)}.elementor-alert button.elementor-alert-dismiss svg{width:var(--dismiss-icon-size,20px);height:var(--dismiss-icon-size,20px);fill:var(--dismiss-icon-normal-color,currentColor);transition-duration:var(--dismiss-icon-hover-transition-duration,.3s)}.elementor-alert button.elementor-alert-dismiss svg:hover{fill:var(--dismiss-icon-hover-color,currentColor)}.elementor-alert-info .elementor-alert{color:#31708f;background-color:#d9edf7;border-color:#bcdff1}.elementor-alert-success .elementor-alert{color:#3c763d;background-color:#dff0d8;border-color:#cae6be}.elementor-alert-warning .elementor-alert{color:#8a6d3b;background-color:#fcf8e3;border-color:#f9f0c3}.elementor-alert-danger .elementor-alert{color:#a94442;background-color:#f2dede;border-color:#e8c4c4}@media (max-width:767px){.elementor-alert{padding:10px}.elementor-alert button.elementor-alert-dismiss{right:7px;top:7px}}<\/style>\t\t<div class=\"elementor-alert\" role=\"alert\">\n\n\t\t\t\t\t\t<span class=\"elementor-alert-title\"><i class=\"fa fa-info-circle\"><\/i> P\u00ebrkufizimi i Auditimit t\u00eb Brendsh\u00ebm<\/span>\n\t\t\t\n\t\t\t\t\t\t<span class=\"elementor-alert-description\">Sipas P\u00ebrkufizimit t\u00eb Auditimit t\u00eb Brendsh\u00ebm, pjes\u00eb e Korniz\u00ebs s\u00eb Praktikave Profesionale t\u00eb IIA, auditimi i brendsh\u00ebm \u00ebsht\u00eb nj\u00eb aktivitet siguridh\u00ebnie dhe k\u00ebshillimi, i pavarur dhe objektiv, i hartuar p\u00ebr t\u00eb shtuar vler\u00eb dhe p\u00ebrmir\u00ebsuar operacionet e organizat\u00ebs. Ai ndihmon nj\u00eb organizat\u00eb t\u00eb p\u00ebrmbush\u00eb objektivat e saj me an\u00eb t\u00eb nj\u00eb p\u00ebrqasjeje sistematike dhe t\u00eb disiplinuar n\u00eb vler\u00ebsimin dhe p\u00ebrmir\u00ebsimin e efektivitetit t\u00eb proceseve t\u00eb menaxhimit t\u00eb riskut, kontrollit dhe qeverisjes.<\/span>\n\t\t\t\n\t\t\t\n\t\t<\/div>\n\t\t\t\t<\/div>\n\t\t\t\t<\/div>\n\t\t\t\t\t<\/div>\n\t\t\t\t<\/div>\n\t\t<div class=\"elementor-element elementor-element-d7db8e2 e-flex e-con-boxed e-con e-parent\" data-id=\"d7db8e2\" data-element_type=\"container\">\n\t\t\t\t\t<div class=\"e-con-inner\">\n\t\t<div class=\"elementor-element elementor-element-d816ebf e-con-full e-flex e-con e-child\" data-id=\"d816ebf\" data-element_type=\"container\">\n\t\t\t\t<div class=\"elementor-element elementor-element-5f636a0 elementor-widget elementor-widget-wesper-section-title\" data-id=\"5f636a0\" data-element_type=\"widget\" data-widget_type=\"wesper-section-title.default\">\n\t\t\t\t<div class=\"elementor-widget-container\">\n\t\t\t          <div class=\"jlcus_sec_title jl_sec_style1 jl_secf_title  no \">\n            <div class=\"jlcus_sect_inner\">\n                                    <h1 class=\"jl-heading-text\">            \n                        <span>\n                                                            Kodi i Etik\u00ebs s\u00eb Auditimit t\u00eb Brendsh\u00ebm                                                    <\/span>            \n                  <\/h1>\n                                    \n                              <\/div>                    \n                      <\/div>                    \n    \t\t<\/div>\n\t\t\t\t<\/div>\n\t\t\t\t<div class=\"elementor-element elementor-element-693d7bb elementor-widget__width-initial elementor-widget elementor-widget-wesper-section-title\" data-id=\"693d7bb\" data-element_type=\"widget\" data-widget_type=\"wesper-section-title.default\">\n\t\t\t\t<div class=\"elementor-widget-container\">\n\t\t\t          <div class=\"jlcus_sec_title jl_sec_style8 jl_secf_body  no \">\n            <div class=\"jlcus_sect_inner\">\n                                    <p class=\"jl-heading-text\">            \n                        <span>\n                                                            \u00c7do profesion q\u00eb k\u00ebrkon t\u00eb respektohet dhe t\u00eb konsiderohet si i vlefsh\u00ebm, ka nevoj\u00eb p\u00ebr principe. N\u00eb profesionin e auditimit t\u00eb brendsh\u00ebm, sjellja etike nuk mund t\u00eb ndahet nga sjellja profesionale.                                                    <\/span>            \n                  <\/p>\n                                    \n                              <\/div>                    \n            <p class=\"jl_sct_sub\">P\u00ebr audituesit e brendsh\u00ebm, Kodi i Etik\u00ebs do t\u00eb thot\u00eb q\u00eb \u00e7dokush duhet t\u00eb vendos\u00eb integritetin e profesionit mbi  interesin e tyre personal. Q\u00ebllimi i Kodit t\u00eb Etik\u00ebs \u00ebsht\u00eb t\u00eb inkurajoj\u00eb nj\u00eb kultur\u00eb etike n\u00eb profesionin e auditimit t\u00eb brendsh\u00ebm. P\u00ebr shkak t\u00eb r\u00ebnd\u00ebsis\u00eb q\u00eb ka, Kodi i Etik\u00ebs s\u00eb IIA-s \u00ebsht\u00eb nj\u00eb nga element\u00ebt e detyruesh\u00ebm t\u00eb KPPN-s\u00eb dhe p\u00ebrputhshm\u00ebria me k\u00ebt\u00eb kod \u00ebsht\u00eb shum\u00eb e r\u00ebnd\u00ebsishme p\u00ebr nj\u00eb zhvillim sa m\u00eb t\u00eb mir\u00eb t\u00eb aktiviteteve t\u00eb auditimit t\u00eb brendsh\u00ebm.<\/p>          <\/div>                    \n    \t\t<\/div>\n\t\t\t\t<\/div>\n\t\t\t\t<\/div>\n\t\t<div class=\"elementor-element elementor-element-3f90906 e-con-full e-flex e-con e-child\" data-id=\"3f90906\" data-element_type=\"container\">\n\t\t\t\t<div class=\"elementor-element elementor-element-698cc8f elementor-widget elementor-widget-image\" data-id=\"698cc8f\" data-element_type=\"widget\" data-widget_type=\"image.default\">\n\t\t\t\t<div class=\"elementor-widget-container\">\n\t\t\t\t\t\t\t\t\t\t\t\t\t<img decoding=\"async\" width=\"768\" height=\"517\" src=\"https:\/\/aiia.al\/wp-content\/uploads\/2024\/04\/Code-of-Conduct-768x517-1-20x13.jpg\" class=\"attachment-large size-large wp-image-11915 jl-lazyload lazyload\" alt=\"\" data-src=\"https:\/\/aiia.al\/wp-content\/uploads\/2024\/04\/Code-of-Conduct-768x517-1.jpg\" srcset=\"https:\/\/aiia.al\/wp-content\/uploads\/2024\/04\/Code-of-Conduct-768x517-1-20x13.jpg 20w, https:\/\/aiia.al\/wp-content\/uploads\/2024\/04\/Code-of-Conduct-768x517-1-300x202.jpg 300w, https:\/\/aiia.al\/wp-content\/uploads\/2024\/04\/Code-of-Conduct-768x517-1-600x404.jpg 600w, https:\/\/aiia.al\/wp-content\/uploads\/2024\/04\/Code-of-Conduct-768x517-1.jpg 768w\" sizes=\"(max-width: 768px) 100vw, 768px\" \/>\t\t\t\t\t\t\t\t\t\t\t\t\t<\/div>\n\t\t\t\t<\/div>\n\t\t\t\t<\/div>\n\t\t\t\t\t<\/div>\n\t\t\t\t<\/div>\n\t\t<div class=\"elementor-element elementor-element-2f0fd41 e-flex e-con-boxed e-con e-parent\" data-id=\"2f0fd41\" data-element_type=\"container\">\n\t\t\t\t\t<div class=\"e-con-inner\">\n\t\t\t\t<div class=\"elementor-element elementor-element-2e5c281 elementor-widget__width-initial elementor-widget elementor-widget-text-editor\" data-id=\"2e5c281\" data-element_type=\"widget\" data-widget_type=\"text-editor.default\">\n\t\t\t\t<div class=\"elementor-widget-container\">\n\t\t\t\t\t\t\t<p>Kodi i \u00a0Etik\u00ebs nuk duhet par\u00eb si nj\u00eb udh\u00ebzues i detajuar q\u00eb trajton aktivitete specifike apo t\u00eb gjith\u00eb dilemat e mundshme etike, por si nj\u00eb s\u00ebr\u00eb kriteresh minimale p\u00ebr nj\u00eb sjellje profesionale.\u00a0Integriteti dhe morali profesional i audituesve t\u00eb brendsh\u00ebm duhet t\u00eb buroj\u00eb nga vet\u00eb ata. Audituesit e brendsh\u00ebm duhet t\u00eb ndjekin Kodin e Etik\u00ebs jo nga frika e masave nd\u00ebshkimore por sepse integriteti dhe etika duhet t\u00eb p\u00ebrb\u00ebjn\u00eb themelet e jet\u00ebs s\u00eb tyre profesionale dhe personale. N\u00eb k\u00ebt\u00eb m\u00ebnyr\u00eb, edhe kur nj\u00eb sjellje e caktuar nuk p\u00ebrmendet n\u00eb Kod, audituesit e brendsh\u00ebm duhet t\u00eb din\u00eb t\u00eb dallojn\u00eb nj\u00eb sjellje t\u00eb papranueshme apo diskretituese.<\/p>\t\t\t\t\t\t<\/div>\n\t\t\t\t<\/div>\n\t\t\t\t\t<\/div>\n\t\t\t\t<\/div>\n\t\t\t\t<\/div>\n\t\t","protected":false},"excerpt":{"rendered":"<p>Auditimi i Brendsh\u00ebm Mbi Profesionin e Auditimit t\u00eb Brendsh\u00ebm Auditimi i brendsh\u00ebm \u00ebsht\u00eb nj\u00eb profesion dinamik dhe mjaft interesant pasi t\u00eb jep mund\u00ebsi t\u00eb panum\u00ebrta p\u00ebr t\u2019u zhvilluar profesionalisht dhe p\u00ebr t\u00eb dh\u00ebn\u00eb nj\u00eb kontribut t\u00eb duksh\u00ebm n\u00eb t\u00eb gjitha nivelet organizative. Audituesi i brendsh\u00ebm luan rolin e nj\u00eb partneri t\u00eb r\u00ebnd\u00ebsish\u00ebm q\u00eb ndihmon organizat\u00ebn [&hellip;]<\/p>\n","protected":false},"author":1,"featured_media":0,"parent":0,"menu_order":0,"comment_status":"closed","ping_status":"closed","template":"home-page-builder.php","meta":{"pmpro_default_level":"","_themeisle_gutenberg_block_has_review":false,"footnotes":""},"_links":{"self":[{"href":"https:\/\/aiia.al\/index.php\/wp-json\/wp\/v2\/pages\/11891"}],"collection":[{"href":"https:\/\/aiia.al\/index.php\/wp-json\/wp\/v2\/pages"}],"about":[{"href":"https:\/\/aiia.al\/index.php\/wp-json\/wp\/v2\/types\/page"}],"author":[{"embeddable":true,"href":"https:\/\/aiia.al\/index.php\/wp-json\/wp\/v2\/users\/1"}],"replies":[{"embeddable":true,"href":"https:\/\/aiia.al\/index.php\/wp-json\/wp\/v2\/comments?post=11891"}],"version-history":[{"count":34,"href":"https:\/\/aiia.al\/index.php\/wp-json\/wp\/v2\/pages\/11891\/revisions"}],"predecessor-version":[{"id":12253,"href":"https:\/\/aiia.al\/index.php\/wp-json\/wp\/v2\/pages\/11891\/revisions\/12253"}],"wp:attachment":[{"href":"https:\/\/aiia.al\/index.php\/wp-json\/wp\/v2\/media?parent=11891"}],"curies":[{"name":"wp","href":"https:\/\/api.w.org\/{rel}","templated":true}]}}