{"id":11817,"date":"2024-04-30T08:46:57","date_gmt":"2024-04-30T08:46:57","guid":{"rendered":"https:\/\/aiia.al\/?page_id=11817"},"modified":"2026-01-19T22:12:24","modified_gmt":"2026-01-19T22:12:24","slug":"anetaresim","status":"publish","type":"page","link":"https:\/\/aiia.al\/index.php\/anetaresim\/","title":{"rendered":"Anetaresim"},"content":{"rendered":"\t\t<div data-elementor-type=\"wp-page\" data-elementor-id=\"11817\" class=\"elementor elementor-11817\" data-elementor-post-type=\"page\">\n\t\t\t\t\t\t<section class=\"elementor-section elementor-top-section elementor-element elementor-element-7b3dc3b elementor-section-full_width elementor-section-height-min-height elementor-section-content-middle elementor-section-height-default elementor-section-items-middle\" data-id=\"7b3dc3b\" data-element_type=\"section\" data-settings=\"{&quot;background_background&quot;:&quot;classic&quot;}\">\n\t\t\t\t\t\t\t<div class=\"elementor-background-overlay\"><\/div>\n\t\t\t\t\t\t\t<div class=\"elementor-container elementor-column-gap-no\">\n\t\t\t\t\t<div class=\"elementor-column elementor-col-100 elementor-top-column elementor-element elementor-element-cd145f8\" data-id=\"cd145f8\" data-element_type=\"column\">\n\t\t\t<div class=\"elementor-widget-wrap elementor-element-populated\">\n\t\t\t\t\t\t<div class=\"elementor-element elementor-element-5a67896 elementor-widget elementor-widget-wesper-section-title\" data-id=\"5a67896\" data-element_type=\"widget\" data-widget_type=\"wesper-section-title.default\">\n\t\t\t\t<div class=\"elementor-widget-container\">\n\t\t\t          <div class=\"jlcus_sec_title jl_sec_style8 jl_secf_title  no \">\n            <div class=\"jlcus_sect_inner\">\n                                    <h2 class=\"jl-heading-text\">            \n                        <span>\n                                                            An\u00ebtar\u00ebsimi n\u00eb IIA ju ofron mjetet dhe udh\u00ebzimet e nevojshme p\u00ebr t\u00eb pasur sukses n\u00eb karrier\u00ebn tuaj                                                    <\/span>            \n                  <\/h2>\n                                    \n                              <\/div>                    \n                      <\/div>                    \n    \t\t<\/div>\n\t\t\t\t<\/div>\n\t\t\t\t\t<\/div>\n\t\t<\/div>\n\t\t\t\t\t<\/div>\n\t\t<\/section>\n\t\t<div class=\"elementor-element elementor-element-2115f6a e-flex e-con-boxed e-con e-parent\" data-id=\"2115f6a\" data-element_type=\"container\">\n\t\t\t\t\t<div class=\"e-con-inner\">\n\t\t\t\t<div class=\"elementor-element elementor-element-7551af0 elementor-widget elementor-widget-wesper-section-title\" data-id=\"7551af0\" data-element_type=\"widget\" data-widget_type=\"wesper-section-title.default\">\n\t\t\t\t<div class=\"elementor-widget-container\">\n\t\t\t          <div class=\"jlcus_sec_title jl_sec_style1 jl_secf_title  no \">\n            <div class=\"jlcus_sect_inner\">\n                                    <h1 class=\"jl-heading-text\">            \n                        <span>\n                                                            An\u00ebtar\u00ebsim do t\u00eb thot\u00eb akses n\u00eb standardet tona globale, udh\u00ebzime dhe mund\u00ebsit\u00eb e network-ut, plus kursime n\u00eb materiale, certifikime dhe produkte t\u00eb klasit bot\u00ebror                                                    <\/span>            \n                  <\/h1>\n                                    \n                              <\/div>                    \n                      <\/div>                    \n    \t\t<\/div>\n\t\t\t\t<\/div>\n\t\t\t\t\t<\/div>\n\t\t\t\t<\/div>\n\t\t<div class=\"elementor-element elementor-element-2d73310 e-flex e-con-boxed e-con e-parent\" data-id=\"2d73310\" data-element_type=\"container\">\n\t\t\t\t\t<div class=\"e-con-inner\">\n\t\t\t\t<div class=\"elementor-element elementor-element-8bb3abd elementor-widget__width-initial elementor-widget elementor-widget-wesper-section-title\" data-id=\"8bb3abd\" data-element_type=\"widget\" data-widget_type=\"wesper-section-title.default\">\n\t\t\t\t<div class=\"elementor-widget-container\">\n\t\t\t          <div class=\"jlcus_sec_title jl_sec_style8 jl_secf_body  no \">\n            <div class=\"jlcus_sect_inner\">\n                                    <p class=\"jl-heading-text\">            \n                        <span>\n                                                            An\u00ebtar\u00ebsimi ofron akses n\u00eb p\u00ebrmbajtje dhe mjete t\u00eb bazuara n\u00eb zgjidhje. Kurseni n\u00eb mund\u00ebsit\u00eb e m\u00ebsimit personal, online dhe sipas k\u00ebrkes\u00ebs, s\u00eb bashku me certifikimin e Certified Internal Auditor\u00ae (CIA). Plus, p\u00ebrfitoni nga zbritjet e an\u00ebtar\u00ebve p\u00ebr produktet, publikimet dhe raportimin e CPE. K\u00ebtu do t\u00eb gjeni burime dhe network-un e duhur p\u00ebr t\u00eb krijuar nj\u00eb qasje t\u00eb personalizuar ndaj zhvillimit profesional.                                                    <\/span>            \n                  <\/p>\n                                    \n                              <\/div>                    \n                      <\/div>                    \n    \t\t<\/div>\n\t\t\t\t<\/div>\n\t\t\t\t<div class=\"elementor-element elementor-element-54d3ee1 elementor-widget__width-initial elementor-widget elementor-widget-wesper-section-title\" data-id=\"54d3ee1\" data-element_type=\"widget\" data-widget_type=\"wesper-section-title.default\">\n\t\t\t\t<div class=\"elementor-widget-container\">\n\t\t\t          <div class=\"jlcus_sec_title jl_sec_style8 jl_secf_body  no \">\n            <div class=\"jlcus_sect_inner\">\n                                    <p class=\"jl-heading-text\">            \n                        <span>\n                                                            IIA q\u00ebndron si autoriteti global n\u00eb fush\u00ebn e auditimit t\u00eb brendsh\u00ebm. Si nj\u00eb organizat\u00eb jofitimprur\u00ebse mbar\u00ebbot\u00ebrore, ne p\u00ebrfaq\u00ebsojm\u00eb me krenari profesionist\u00eb t\u00eb angazhuar n\u00eb fush\u00ebn e nd\u00ebrlikuar t\u00eb auditimit t\u00eb brendsh\u00ebm, nj\u00eb praktik\u00eb q\u00eb ndikon n\u00eb suksesin e organizatave n\u00eb t\u00eb gjith\u00eb globin.  Ne u ofrojm\u00eb an\u00ebtar\u00ebve tan\u00eb mjete dhe njohuri t\u00eb pa\u00e7mueshme t\u00eb krijuara p\u00ebr t\u00eb naviguar n\u00eb kompleksitetin e auditimit t\u00eb brendsh\u00ebm, nd\u00ebrtuar rrug\u00eb p\u00ebr t\u00eb p\u00ebrmir\u00ebsuar performanc\u00ebn profesionale dhe organizative, rritur vazhdimisht aft\u00ebsit\u00eb dhe njohurit\u00eb e zhvillimit personal, dhe forcuar lidhjet lokale dhe globale.                                                    <\/span>            \n                  <\/p>\n                                    \n                              <\/div>                    \n                      <\/div>                    \n    \t\t<\/div>\n\t\t\t\t<\/div>\n\t\t\t\t\t<\/div>\n\t\t\t\t<\/div>\n\t\t<div class=\"elementor-element elementor-element-938b0cb e-flex e-con-boxed e-con e-parent\" data-id=\"938b0cb\" data-element_type=\"container\" data-settings=\"{&quot;background_background&quot;:&quot;classic&quot;}\">\n\t\t\t\t\t<div class=\"e-con-inner\">\n\t\t<div class=\"elementor-element elementor-element-d4d8852 e-con-full e-flex e-con e-child\" data-id=\"d4d8852\" data-element_type=\"container\">\n\t\t\t\t<div class=\"elementor-element elementor-element-0e8dc7f elementor-widget elementor-widget-wesper-section-title\" data-id=\"0e8dc7f\" data-element_type=\"widget\" data-widget_type=\"wesper-section-title.default\">\n\t\t\t\t<div class=\"elementor-widget-container\">\n\t\t\t          <div class=\"jlcus_sec_title jl_sec_style8 jl_secf_title  no \">\n            <div class=\"jlcus_sect_inner\">\n                                    <h1 class=\"jl-heading-text\">            \n                        <span>\n                                                            Jeni t\u00eb interesuar t\u00eb b\u00ebheni an\u00ebtar ?                                                    <\/span>            \n                  <\/h1>\n                                    \n                              <\/div>                    \n                      <\/div>                    \n    \t\t<\/div>\n\t\t\t\t<\/div>\n\t\t\t\t<\/div>\n\t\t<div class=\"elementor-element elementor-element-11baab8 e-con-full e-flex e-con e-child\" data-id=\"11baab8\" data-element_type=\"container\">\n\t\t<div class=\"elementor-element elementor-element-de119a4 e-grid e-con-boxed e-con e-child\" data-id=\"de119a4\" data-element_type=\"container\" data-settings=\"{&quot;background_background&quot;:&quot;classic&quot;}\">\n\t\t\t\t\t<div class=\"e-con-inner\">\n\t\t\t\t<div class=\"elementor-element elementor-element-3fc6802 elementor-alert-info elementor-widget elementor-widget-alert\" data-id=\"3fc6802\" data-element_type=\"widget\" data-widget_type=\"alert.default\">\n\t\t\t\t<div class=\"elementor-widget-container\">\n\t\t\t<style>\/*! elementor - v3.21.0 - 15-04-2024 *\/\n.elementor-alert{padding:15px;border-left:5px solid transparent;position:relative;text-align:start}.elementor-alert .elementor-alert-title{display:block;font-weight:700}.elementor-alert .elementor-alert-description{font-size:13px}.elementor-alert button.elementor-alert-dismiss{position:absolute;right:var(--dismiss-icon-horizontal-position,10px);top:var(--dismiss-icon-vertical-position,10px);padding:3px;font-size:var(--dismiss-icon-size,20px);line-height:1;background:transparent;color:var(--dismiss-icon-normal-color,inherit);border:none;cursor:pointer;transition-duration:var(--dismiss-icon-hover-transition-duration,.3s)}.elementor-alert button.elementor-alert-dismiss:hover{color:var(--dismiss-icon-hover-color,inherit)}.elementor-alert button.elementor-alert-dismiss svg{width:var(--dismiss-icon-size,20px);height:var(--dismiss-icon-size,20px);fill:var(--dismiss-icon-normal-color,currentColor);transition-duration:var(--dismiss-icon-hover-transition-duration,.3s)}.elementor-alert button.elementor-alert-dismiss svg:hover{fill:var(--dismiss-icon-hover-color,currentColor)}.elementor-alert-info .elementor-alert{color:#31708f;background-color:#d9edf7;border-color:#bcdff1}.elementor-alert-success .elementor-alert{color:#3c763d;background-color:#dff0d8;border-color:#cae6be}.elementor-alert-warning .elementor-alert{color:#8a6d3b;background-color:#fcf8e3;border-color:#f9f0c3}.elementor-alert-danger .elementor-alert{color:#a94442;background-color:#f2dede;border-color:#e8c4c4}@media (max-width:767px){.elementor-alert{padding:10px}.elementor-alert button.elementor-alert-dismiss{right:7px;top:7px}}<\/style>\t\t<div class=\"elementor-alert\" role=\"alert\">\n\n\t\t\t\t\t\t<span class=\"elementor-alert-title\"><h4 class=\"h-center\"><i class=\"fa fa-graduation-cap\"><\/i> Paketa Student<\/h4><\/span>\n\t\t\t\n\t\t\t\t\t\t<span class=\"elementor-alert-description\"><p class=\"p-desc\"><b>3.000 Lek\u00eb\/vit<\/b> p\u00ebr student\u00eb.<\/p>\n<a href=\"https:\/\/aiia.al\/index.php\/product\/paketa-studente\/\" class=\"btn1 btn-primary\n\">An\u00ebtar\u00ebsohu<\/a>\n<p><\/span>\n\t\t\t\n\t\t\t\n\t\t<\/div>\n\t\t\t\t<\/div>\n\t\t\t\t<\/div>\n\t\t\t\t<div class=\"elementor-element elementor-element-b135b4a elementor-alert-info elementor-widget elementor-widget-alert\" data-id=\"b135b4a\" data-element_type=\"widget\" data-widget_type=\"alert.default\">\n\t\t\t\t<div class=\"elementor-widget-container\">\n\t\t\t\t\t<div class=\"elementor-alert\" role=\"alert\">\n\n\t\t\t\t\t\t<span class=\"elementor-alert-title\"><h4 class=\"h-center\"><i class=\"fa fa-graduation-cap\"><\/i> Paketa p\u00ebr Profesionist\u00eb<\/h4><\/span>\n\t\t\t\n\t\t\t\t\t\t<span class=\"elementor-alert-description\"><p class=\"p-desc\"><b>10.000 Lek\u00eb\/vit<\/b> p\u00ebr profesionist\u00eb.<\/p>\n<a href=\"https:\/\/aiia.al\/index.php\/product\/paketa-profesioniste\/\" class=\"btn btn-primary\n\">An\u00ebtar\u00ebsohu<\/a>\n<p><\/span>\n\t\t\t\n\t\t\t\n\t\t<\/div>\n\t\t\t\t<\/div>\n\t\t\t\t<\/div>\n\t\t\t\t\t<\/div>\n\t\t\t\t<\/div>\n\t\t\t\t<\/div>\n\t\t\t\t\t<\/div>\n\t\t\t\t<\/div>\n\t\t<div class=\"elementor-element elementor-element-233ca72 e-flex e-con-boxed e-con e-parent\" data-id=\"233ca72\" data-element_type=\"container\">\n\t\t\t\t\t<div class=\"e-con-inner\">\n\t\t\t\t<div class=\"elementor-element elementor-element-89df57a elementor-widget elementor-widget-wesper-section-title\" data-id=\"89df57a\" data-element_type=\"widget\" data-widget_type=\"wesper-section-title.default\">\n\t\t\t\t<div class=\"elementor-widget-container\">\n\t\t\t          <div class=\"jlcus_sec_title jl_sec_style8 jl_secf_title  no \">\n            <div class=\"jlcus_sect_inner\">\n                                    <h1 class=\"jl-heading-text\">            \n                        <span>\n                                                            P\u00ebrfitimet duke qen\u00eb pjes\u00eb e an\u00ebtar\u00ebsimit                                                    <\/span>            \n                  <\/h1>\n                                    \n                              <\/div>                    \n                      <\/div>                    \n    \t\t<\/div>\n\t\t\t\t<\/div>\n\t\t\t\t\t<\/div>\n\t\t\t\t<\/div>\n\t\t<div class=\"elementor-element elementor-element-9d13357 e-flex e-con-boxed e-con e-parent\" data-id=\"9d13357\" data-element_type=\"container\">\n\t\t\t\t\t<div class=\"e-con-inner\">\n\t\t<div class=\"elementor-element elementor-element-e349fdf e-con-full e-flex e-con e-child\" data-id=\"e349fdf\" data-element_type=\"container\">\n\t\t\t\t<div class=\"elementor-element elementor-element-a36fb67 elementor-alert-info elementor-widget elementor-widget-alert\" data-id=\"a36fb67\" data-element_type=\"widget\" data-widget_type=\"alert.default\">\n\t\t\t\t<div class=\"elementor-widget-container\">\n\t\t\t\t\t<div class=\"elementor-alert\" role=\"alert\">\n\n\t\t\t\n\t\t\t\t\t\t<span class=\"elementor-alert-description\">Akses n\u00eb seksionin e an\u00ebtar\u00ebve n\u00eb website www.globaliia.org<\/span>\n\t\t\t\n\t\t\t\n\t\t<\/div>\n\t\t\t\t<\/div>\n\t\t\t\t<\/div>\n\t\t\t\t<\/div>\n\t\t<div class=\"elementor-element elementor-element-a18aadb e-con-full e-flex e-con e-child\" data-id=\"a18aadb\" data-element_type=\"container\">\n\t\t\t\t<div class=\"elementor-element elementor-element-717fd6d elementor-alert-info elementor-widget elementor-widget-alert\" data-id=\"717fd6d\" data-element_type=\"widget\" data-widget_type=\"alert.default\">\n\t\t\t\t<div class=\"elementor-widget-container\">\n\t\t\t\t\t<div class=\"elementor-alert\" role=\"alert\">\n\n\t\t\t\n\t\t\t\t\t\t<span class=\"elementor-alert-description\">Pjes\u00ebmarrje n\u00eb aktivitetet e zhvilluara nga AIIA<\/span>\n\t\t\t\n\t\t\t\n\t\t<\/div>\n\t\t\t\t<\/div>\n\t\t\t\t<\/div>\n\t\t\t\t<\/div>\n\t\t<div class=\"elementor-element elementor-element-20bf50c e-con-full e-flex e-con e-child\" data-id=\"20bf50c\" data-element_type=\"container\">\n\t\t\t\t<div class=\"elementor-element elementor-element-820914f elementor-alert-info elementor-widget elementor-widget-alert\" data-id=\"820914f\" data-element_type=\"widget\" data-widget_type=\"alert.default\">\n\t\t\t\t<div class=\"elementor-widget-container\">\n\t\t\t\t\t<div class=\"elementor-alert\" role=\"alert\">\n\n\t\t\t\n\t\t\t\t\t\t<span class=\"elementor-alert-description\">10% ulje \u00e7mimi p\u00ebr pjes\u00ebmarrjen n\u00eb trajnimet e ndryshme organizuar nga AIIA<\/span>\n\t\t\t\n\t\t\t\n\t\t<\/div>\n\t\t\t\t<\/div>\n\t\t\t\t<\/div>\n\t\t\t\t<\/div>\n\t\t\t\t\t<\/div>\n\t\t\t\t<\/div>\n\t\t<div class=\"elementor-element elementor-element-34e5e50 e-flex e-con-boxed e-con e-parent\" data-id=\"34e5e50\" data-element_type=\"container\">\n\t\t\t\t\t<div class=\"e-con-inner\">\n\t\t<div class=\"elementor-element elementor-element-ce5fbd9 e-con-full e-flex e-con e-child\" data-id=\"ce5fbd9\" data-element_type=\"container\">\n\t\t\t\t<div class=\"elementor-element elementor-element-90f9f7f elementor-alert-info elementor-widget elementor-widget-alert\" data-id=\"90f9f7f\" data-element_type=\"widget\" data-widget_type=\"alert.default\">\n\t\t\t\t<div class=\"elementor-widget-container\">\n\t\t\t\t\t<div class=\"elementor-alert\" role=\"alert\">\n\n\t\t\t\n\t\t\t\t\t\t<span class=\"elementor-alert-description\">Seksione trajnimi falas online <a href=\"https:\/\/global.theiia.org\/edu-events\/Pages\/Web-Events.aspx\" style=\"color:#fff\">https:\/\/global.theiia.org\/edu-events\/Pages\/Web-Events.aspx<\/a><\/span>\n\t\t\t\n\t\t\t\n\t\t<\/div>\n\t\t\t\t<\/div>\n\t\t\t\t<\/div>\n\t\t\t\t<\/div>\n\t\t<div class=\"elementor-element elementor-element-4202c73 e-con-full e-flex e-con e-child\" data-id=\"4202c73\" data-element_type=\"container\">\n\t\t\t\t<div class=\"elementor-element elementor-element-d3d99a6 elementor-alert-info elementor-widget elementor-widget-alert\" data-id=\"d3d99a6\" data-element_type=\"widget\" data-widget_type=\"alert.default\">\n\t\t\t\t<div class=\"elementor-widget-container\">\n\t\t\t\t\t<div class=\"elementor-alert\" role=\"alert\">\n\n\t\t\t\n\t\t\t\t\t\t<span class=\"elementor-alert-description\">Newsletter mbi t\u00eb rejat n\u00eb fush\u00ebn e auditimit<\/span>\n\t\t\t\n\t\t\t\n\t\t<\/div>\n\t\t\t\t<\/div>\n\t\t\t\t<\/div>\n\t\t\t\t<\/div>\n\t\t<div class=\"elementor-element elementor-element-e16b801 e-con-full e-flex e-con e-child\" data-id=\"e16b801\" data-element_type=\"container\">\n\t\t\t\t<div class=\"elementor-element elementor-element-70e2a91 elementor-alert-info elementor-widget elementor-widget-alert\" data-id=\"70e2a91\" data-element_type=\"widget\" data-widget_type=\"alert.default\">\n\t\t\t\t<div class=\"elementor-widget-container\">\n\t\t\t\t\t<div class=\"elementor-alert\" role=\"alert\">\n\n\t\t\t\n\t\t\t\t\t\t<span class=\"elementor-alert-description\">Suport n\u00eb ndjekjen e programeve t\u00eb certifikimeve<\/span>\n\t\t\t\n\t\t\t\n\t\t<\/div>\n\t\t\t\t<\/div>\n\t\t\t\t<\/div>\n\t\t\t\t<\/div>\n\t\t\t\t\t<\/div>\n\t\t\t\t<\/div>\n\t\t\t\t<\/div>\n\t\t","protected":false},"excerpt":{"rendered":"<p>An\u00ebtar\u00ebsimi n\u00eb IIA ju ofron mjetet dhe udh\u00ebzimet e nevojshme p\u00ebr t\u00eb pasur sukses n\u00eb karrier\u00ebn tuaj An\u00ebtar\u00ebsim do t\u00eb thot\u00eb akses n\u00eb standardet tona globale, udh\u00ebzime dhe mund\u00ebsit\u00eb e network-ut, plus kursime n\u00eb materiale, certifikime dhe produkte t\u00eb klasit bot\u00ebror An\u00ebtar\u00ebsimi ofron akses n\u00eb p\u00ebrmbajtje dhe mjete t\u00eb bazuara n\u00eb zgjidhje. Kurseni n\u00eb mund\u00ebsit\u00eb [&hellip;]<\/p>\n","protected":false},"author":1,"featured_media":0,"parent":0,"menu_order":0,"comment_status":"closed","ping_status":"closed","template":"home-page-builder.php","meta":{"pmpro_default_level":"","_themeisle_gutenberg_block_has_review":false,"footnotes":""},"_links":{"self":[{"href":"https:\/\/aiia.al\/index.php\/wp-json\/wp\/v2\/pages\/11817"}],"collection":[{"href":"https:\/\/aiia.al\/index.php\/wp-json\/wp\/v2\/pages"}],"about":[{"href":"https:\/\/aiia.al\/index.php\/wp-json\/wp\/v2\/types\/page"}],"author":[{"embeddable":true,"href":"https:\/\/aiia.al\/index.php\/wp-json\/wp\/v2\/users\/1"}],"replies":[{"embeddable":true,"href":"https:\/\/aiia.al\/index.php\/wp-json\/wp\/v2\/comments?post=11817"}],"version-history":[{"count":100,"href":"https:\/\/aiia.al\/index.php\/wp-json\/wp\/v2\/pages\/11817\/revisions"}],"predecessor-version":[{"id":12667,"href":"https:\/\/aiia.al\/index.php\/wp-json\/wp\/v2\/pages\/11817\/revisions\/12667"}],"wp:attachment":[{"href":"https:\/\/aiia.al\/index.php\/wp-json\/wp\/v2\/media?parent=11817"}],"curies":[{"name":"wp","href":"https:\/\/api.w.org\/{rel}","templated":true}]}}