{"id":11751,"date":"2024-04-25T16:47:12","date_gmt":"2024-04-25T16:47:12","guid":{"rendered":"https:\/\/aiia.al\/?page_id=11751"},"modified":"2024-05-02T14:02:17","modified_gmt":"2024-05-02T14:02:17","slug":"certifikime","status":"publish","type":"page","link":"https:\/\/aiia.al\/index.php\/certifikime\/","title":{"rendered":"\u00c7ertifikime"},"content":{"rendered":"\t\t<div data-elementor-type=\"wp-page\" data-elementor-id=\"11751\" class=\"elementor elementor-11751\" data-elementor-post-type=\"page\">\n\t\t\t\t\t\t<section class=\"elementor-section elementor-top-section elementor-element elementor-element-e22d9df elementor-section-full_width elementor-section-height-min-height elementor-section-content-middle elementor-section-height-default elementor-section-items-middle\" data-id=\"e22d9df\" data-element_type=\"section\" data-settings=\"{&quot;background_background&quot;:&quot;classic&quot;}\">\n\t\t\t\t\t\t\t<div class=\"elementor-background-overlay\"><\/div>\n\t\t\t\t\t\t\t<div class=\"elementor-container elementor-column-gap-no\">\n\t\t\t\t\t<div class=\"elementor-column elementor-col-100 elementor-top-column elementor-element elementor-element-33923b5\" data-id=\"33923b5\" data-element_type=\"column\">\n\t\t\t<div class=\"elementor-widget-wrap elementor-element-populated\">\n\t\t\t\t\t\t<div class=\"elementor-element elementor-element-0a9efdf elementor-widget elementor-widget-wesper-section-title\" data-id=\"0a9efdf\" data-element_type=\"widget\" data-widget_type=\"wesper-section-title.default\">\n\t\t\t\t<div class=\"elementor-widget-container\">\n\t\t\t          <div class=\"jlcus_sec_title jl_sec_style8 jl_secf_title  no \">\n            <div class=\"jlcus_sect_inner\">\n                                    <h2 class=\"jl-heading-text\">            \n                        <span>\n                                                            Udh\u00ebto i sigurt\u00eb p\u00ebrgjat\u00eb karrier\u00ebs t\u00ebnde me kualifikimet e duhura                                                    <\/span>            \n                  <\/h2>\n                                    \n                              <\/div>                    \n                      <\/div>                    \n    \t\t<\/div>\n\t\t\t\t<\/div>\n\t\t\t\t\t<\/div>\n\t\t<\/div>\n\t\t\t\t\t<\/div>\n\t\t<\/section>\n\t\t<div class=\"elementor-element elementor-element-95499f1 e-flex e-con-boxed e-con e-parent\" data-id=\"95499f1\" data-element_type=\"container\">\n\t\t\t\t\t<div class=\"e-con-inner\">\n\t\t\t\t<div class=\"elementor-element elementor-element-272b6ef elementor-widget elementor-widget-wesper-section-title\" data-id=\"272b6ef\" data-element_type=\"widget\" data-widget_type=\"wesper-section-title.default\">\n\t\t\t\t<div class=\"elementor-widget-container\">\n\t\t\t          <div class=\"jlcus_sec_title jl_sec_style1 jl_secf_title  no \">\n            <div class=\"jlcus_sect_inner\">\n                                    <h1 class=\"jl-heading-text\">            \n                        <span>\n                                                            \u00c7ertifikimet                                                    <\/span>            \n                  <\/h1>\n                                    \n                              <\/div>                    \n                      <\/div>                    \n    \t\t<\/div>\n\t\t\t\t<\/div>\n\t\t\t\t\t<\/div>\n\t\t\t\t<\/div>\n\t\t<div class=\"elementor-element elementor-element-b87a975 e-flex e-con-boxed e-con e-parent\" data-id=\"b87a975\" data-element_type=\"container\">\n\t\t\t\t\t<div class=\"e-con-inner\">\n\t\t\t\t<div class=\"elementor-element elementor-element-e7049cd elementor-widget__width-initial elementor-widget elementor-widget-wesper-section-title\" data-id=\"e7049cd\" data-element_type=\"widget\" data-widget_type=\"wesper-section-title.default\">\n\t\t\t\t<div class=\"elementor-widget-container\">\n\t\t\t          <div class=\"jlcus_sec_title jl_sec_style8 jl_secf_body  no \">\n            <div class=\"jlcus_sect_inner\">\n                                    <p class=\"jl-heading-text\">            \n                        <span>\n                                                            \u00c7ertifikimet dhe kualifikimet e IIA mund t\u2019ju ndihmojn\u00eb t\u00eb l\u00ebvizni karrier\u00ebn tuaj n\u00eb drejtimin e duhur, qoft\u00eb kjo karrier\u00eb n\u00eb fillimet e saj apo edhe duke l\u00ebvizur n\u00eb nivele m\u00eb t\u00eb larta. Drejtohuni drejt mund\u00ebsive t\u00eb reja t\u00eb pajisur me dije dhe besueshm\u00ebri!                                                    <\/span>            \n                  <\/p>\n                                    \n                              <\/div>                    \n                      <\/div>                    \n    \t\t<\/div>\n\t\t\t\t<\/div>\n\t\t\t\t<div class=\"elementor-element elementor-element-9097cb9 elementor-widget__width-initial elementor-widget elementor-widget-wesper-section-title\" data-id=\"9097cb9\" data-element_type=\"widget\" data-widget_type=\"wesper-section-title.default\">\n\t\t\t\t<div class=\"elementor-widget-container\">\n\t\t\t          <div class=\"jlcus_sec_title jl_sec_style8 jl_secf_body  no \">\n            <div class=\"jlcus_sect_inner\">\n                                    <p class=\"jl-heading-text\">            \n                        <span>\n                                                            Duke fituar kualifikimin apo \u00e7ertifikimin tuaj, pun\u00ebdh\u00ebn\u00ebsit dhe klient\u00ebt tuaj do t\u00eb din\u00eb q\u00eb ju jeni nj\u00eb profesionist i motivuar, i ditur dhe i angazhuar q\u00eb cil\u00ebsia t\u00eb jet\u00eb e pranishme n\u00eb \u00e7do pjes\u00eb t\u00eb pun\u00ebs suaj.                                                    <\/span>            \n                  <\/p>\n                                    \n                              <\/div>                    \n                      <\/div>                    \n    \t\t<\/div>\n\t\t\t\t<\/div>\n\t\t\t\t\t<\/div>\n\t\t\t\t<\/div>\n\t\t\t\t<section class=\"elementor-section elementor-top-section elementor-element elementor-element-e2d7546 elementor-section-boxed elementor-section-height-default elementor-section-height-default\" data-id=\"e2d7546\" data-element_type=\"section\">\n\t\t\t\t\t\t<div class=\"elementor-container elementor-column-gap-no\">\n\t\t\t\t\t<div class=\"elementor-column elementor-col-50 elementor-top-column elementor-element elementor-element-c6e2e38\" data-id=\"c6e2e38\" data-element_type=\"column\">\n\t\t\t<div class=\"elementor-widget-wrap elementor-element-populated\">\n\t\t\t\t\t\t<div class=\"elementor-element elementor-element-84e5d1b elementor-widget__width-initial elementor-widget elementor-widget-image\" data-id=\"84e5d1b\" data-element_type=\"widget\" data-widget_type=\"image.default\">\n\t\t\t\t<div class=\"elementor-widget-container\">\n\t\t\t<style>\/*! elementor - v3.21.0 - 15-04-2024 *\/\n.elementor-widget-image{text-align:center}.elementor-widget-image a{display:inline-block}.elementor-widget-image a img[src$=\".svg\"]{width:48px}.elementor-widget-image img{vertical-align:middle;display:inline-block}<\/style>\t\t\t\t\t\t\t\t\t\t<img decoding=\"async\" width=\"140\" height=\"120\" src=\"https:\/\/aiia.al\/wp-content\/uploads\/2024\/04\/CRMA-Key-Graphic-20x17.png\" class=\"attachment-large size-large wp-image-11767 jl-lazyload lazyload\" alt=\"\" data-src=\"https:\/\/aiia.al\/wp-content\/uploads\/2024\/04\/CRMA-Key-Graphic.png\" srcset=\"https:\/\/aiia.al\/wp-content\/uploads\/2024\/04\/CRMA-Key-Graphic-20x17.png 20w, https:\/\/aiia.al\/wp-content\/uploads\/2024\/04\/CRMA-Key-Graphic.png 140w\" sizes=\"(max-width: 140px) 100vw, 140px\" \/>\t\t\t\t\t\t\t\t\t\t\t\t\t<\/div>\n\t\t\t\t<\/div>\n\t\t\t\t\t<\/div>\n\t\t<\/div>\n\t\t\t\t<div class=\"elementor-column elementor-col-50 elementor-top-column elementor-element elementor-element-51ae7f2\" data-id=\"51ae7f2\" data-element_type=\"column\">\n\t\t\t<div class=\"elementor-widget-wrap elementor-element-populated\">\n\t\t\t\t\t\t<div class=\"elementor-element elementor-element-8267def elementor-widget__width-initial elementor-widget elementor-widget-wesper-section-title\" data-id=\"8267def\" data-element_type=\"widget\" data-widget_type=\"wesper-section-title.default\">\n\t\t\t\t<div class=\"elementor-widget-container\">\n\t\t\t          <div class=\"jlcus_sec_title jl_sec_style8 jl_secf_title  no \">\n            <div class=\"jlcus_sect_inner\">\n                                    <h2 class=\"jl-heading-text\">            \n                        <span>\n                                                            Certifikim n\u00eb Sigurimin e Menaxhimit t\u00eb Riskut (CSMR)                                                    <\/span>            \n                  <\/h2>\n                                    \n                              <\/div>                    \n                      <\/div>                    \n    \t\t<\/div>\n\t\t\t\t<\/div>\n\t\t\t\t<div class=\"elementor-element elementor-element-9e0b070 elementor-widget elementor-widget-wesper-section-title\" data-id=\"9e0b070\" data-element_type=\"widget\" data-widget_type=\"wesper-section-title.default\">\n\t\t\t\t<div class=\"elementor-widget-container\">\n\t\t\t          <div class=\"jlcus_sec_title jl_sec_style8 jl_secf_body  no \">\n            <div class=\"jlcus_sect_inner\">\n                                    <p class=\"jl-heading-text\">            \n                        <span>\n                                                            CSMR \u00ebsht\u00eb projektuar p\u00ebr auditor\u00ebt e brendsh\u00ebm dhe menaxher\u00ebt profesionist\u00eb t\u00eb riskut me p\u00ebrgjegj\u00ebsin\u00eb p\u00ebr t\u00eb siguruar \u201crisk assurance\u201d, proceset e qeverisjes dhe drejtimit, sigurimin e cil\u00ebsis\u00eb, apo kontrollin e vet\u00eb-vler\u00ebsimit.                                                    <\/span>            \n                  <\/p>\n                                    \n                              <\/div>                    \n                      <\/div>                    \n    \t\t<\/div>\n\t\t\t\t<\/div>\n\t\t\t\t\t<\/div>\n\t\t<\/div>\n\t\t\t\t\t<\/div>\n\t\t<\/section>\n\t\t\t\t<section class=\"elementor-section elementor-top-section elementor-element elementor-element-3e0311c elementor-section-boxed elementor-section-height-default elementor-section-height-default\" data-id=\"3e0311c\" data-element_type=\"section\">\n\t\t\t\t\t\t<div class=\"elementor-container elementor-column-gap-no\">\n\t\t\t\t\t<div class=\"elementor-column elementor-col-50 elementor-top-column elementor-element elementor-element-03c221a\" data-id=\"03c221a\" data-element_type=\"column\">\n\t\t\t<div class=\"elementor-widget-wrap elementor-element-populated\">\n\t\t\t\t\t\t<div class=\"elementor-element elementor-element-328449a elementor-widget__width-initial elementor-widget elementor-widget-wesper-section-title\" data-id=\"328449a\" data-element_type=\"widget\" data-widget_type=\"wesper-section-title.default\">\n\t\t\t\t<div class=\"elementor-widget-container\">\n\t\t\t          <div class=\"jlcus_sec_title jl_sec_style8 jl_secf_title  no \">\n            <div class=\"jlcus_sect_inner\">\n                                    <h2 class=\"jl-heading-text\">            \n                        <span>\n                                                            CIA  Auditor i Brendsh\u00ebm i Certifikuar (ABC)                                                    <\/span>            \n                  <\/h2>\n                                    \n                              <\/div>                    \n                      <\/div>                    \n    \t\t<\/div>\n\t\t\t\t<\/div>\n\t\t\t\t<div class=\"elementor-element elementor-element-d35dfcb elementor-widget elementor-widget-wesper-section-title\" data-id=\"d35dfcb\" data-element_type=\"widget\" data-widget_type=\"wesper-section-title.default\">\n\t\t\t\t<div class=\"elementor-widget-container\">\n\t\t\t          <div class=\"jlcus_sec_title jl_sec_style8 jl_secf_body  no \">\n            <div class=\"jlcus_sect_inner\">\n                                    <p class=\"jl-heading-text\">            \n                        <span>\n                                                            ABC do t\u00eb sh\u00ebrbej\u00eb si nj\u00eb \u00e7el\u00ebs n\u00eb suksesin tuaj! Demonstro kompetencat dhe profesionalizmin t\u00ebnd n\u00eb fush\u00ebn e AB me an\u00eb t\u00eb CAB.                                                    <\/span>            \n                  <\/p>\n                                    \n                              <\/div>                    \n                      <\/div>                    \n    \t\t<\/div>\n\t\t\t\t<\/div>\n\t\t\t\t\t<\/div>\n\t\t<\/div>\n\t\t\t\t<div class=\"elementor-column elementor-col-50 elementor-top-column elementor-element elementor-element-be33c1c\" data-id=\"be33c1c\" data-element_type=\"column\">\n\t\t\t<div class=\"elementor-widget-wrap elementor-element-populated\">\n\t\t\t\t\t\t<div class=\"elementor-element elementor-element-5eb9fac elementor-widget__width-initial elementor-widget elementor-widget-image\" data-id=\"5eb9fac\" data-element_type=\"widget\" data-widget_type=\"image.default\">\n\t\t\t\t<div class=\"elementor-widget-container\">\n\t\t\t\t\t\t\t\t\t\t\t\t\t<img decoding=\"async\" width=\"140\" height=\"120\" src=\"https:\/\/aiia.al\/wp-content\/uploads\/2024\/04\/CIA-Key-Graphic-20x17.png\" class=\"attachment-large size-large wp-image-11766 jl-lazyload lazyload\" alt=\"\" data-src=\"https:\/\/aiia.al\/wp-content\/uploads\/2024\/04\/CIA-Key-Graphic.png\" srcset=\"https:\/\/aiia.al\/wp-content\/uploads\/2024\/04\/CIA-Key-Graphic-20x17.png 20w, https:\/\/aiia.al\/wp-content\/uploads\/2024\/04\/CIA-Key-Graphic.png 140w\" sizes=\"(max-width: 140px) 100vw, 140px\" \/>\t\t\t\t\t\t\t\t\t\t\t\t\t<\/div>\n\t\t\t\t<\/div>\n\t\t\t\t\t<\/div>\n\t\t<\/div>\n\t\t\t\t\t<\/div>\n\t\t<\/section>\n\t\t\t\t<section class=\"elementor-section elementor-top-section elementor-element elementor-element-6fae167 elementor-section-boxed elementor-section-height-default elementor-section-height-default\" data-id=\"6fae167\" data-element_type=\"section\">\n\t\t\t\t\t\t<div class=\"elementor-container elementor-column-gap-no\">\n\t\t\t\t\t<div class=\"elementor-column elementor-col-50 elementor-top-column elementor-element elementor-element-a873b34\" data-id=\"a873b34\" data-element_type=\"column\">\n\t\t\t<div class=\"elementor-widget-wrap elementor-element-populated\">\n\t\t\t\t\t\t<div class=\"elementor-element elementor-element-4028ef0 elementor-widget__width-initial elementor-widget elementor-widget-image\" data-id=\"4028ef0\" data-element_type=\"widget\" data-widget_type=\"image.default\">\n\t\t\t\t<div class=\"elementor-widget-container\">\n\t\t\t\t\t\t\t\t\t\t\t\t\t<img decoding=\"async\" width=\"140\" height=\"120\" src=\"https:\/\/aiia.al\/wp-content\/uploads\/2024\/04\/CGAP-Key-Graphic-20x17.png\" class=\"attachment-large size-large wp-image-11765 jl-lazyload lazyload\" alt=\"\" data-src=\"https:\/\/aiia.al\/wp-content\/uploads\/2024\/04\/CGAP-Key-Graphic.png\" srcset=\"https:\/\/aiia.al\/wp-content\/uploads\/2024\/04\/CGAP-Key-Graphic-20x17.png 20w, https:\/\/aiia.al\/wp-content\/uploads\/2024\/04\/CGAP-Key-Graphic.png 140w\" sizes=\"(max-width: 140px) 100vw, 140px\" \/>\t\t\t\t\t\t\t\t\t\t\t\t\t<\/div>\n\t\t\t\t<\/div>\n\t\t\t\t\t<\/div>\n\t\t<\/div>\n\t\t\t\t<div class=\"elementor-column elementor-col-50 elementor-top-column elementor-element elementor-element-7a27172\" data-id=\"7a27172\" data-element_type=\"column\">\n\t\t\t<div class=\"elementor-widget-wrap elementor-element-populated\">\n\t\t\t\t\t\t<div class=\"elementor-element elementor-element-cbdfdde elementor-widget__width-initial elementor-widget elementor-widget-wesper-section-title\" data-id=\"cbdfdde\" data-element_type=\"widget\" data-widget_type=\"wesper-section-title.default\">\n\t\t\t\t<div class=\"elementor-widget-container\">\n\t\t\t          <div class=\"jlcus_sec_title jl_sec_style8 jl_secf_title  no \">\n            <div class=\"jlcus_sect_inner\">\n                                    <h2 class=\"jl-heading-text\">            \n                        <span>\n                                                            CGAP   Auditor Profesionist i Certifikuar p\u00ebr Sektorin Publik (APCSP)                                                    <\/span>            \n                  <\/h2>\n                                    \n                              <\/div>                    \n                      <\/div>                    \n    \t\t<\/div>\n\t\t\t\t<\/div>\n\t\t\t\t<div class=\"elementor-element elementor-element-91b56c4 elementor-widget__width-initial elementor-widget elementor-widget-wesper-section-title\" data-id=\"91b56c4\" data-element_type=\"widget\" data-widget_type=\"wesper-section-title.default\">\n\t\t\t\t<div class=\"elementor-widget-container\">\n\t\t\t          <div class=\"jlcus_sec_title jl_sec_style8 jl_secf_body  no \">\n            <div class=\"jlcus_sect_inner\">\n                                    <p class=\"jl-heading-text\">            \n                        <span>\n                                                            APCSP ofrohet p\u00ebr auditor\u00ebt q\u00eb punojn\u00eb n\u00eb sektorin publik ose q\u00eb ofrojn\u00eb sh\u00ebrbime p\u00ebr sektorin publik t\u00eb \u00e7far\u00ebdo niveli.                                                    <\/span>            \n                  <\/p>\n                                    \n                              <\/div>                    \n                      <\/div>                    \n    \t\t<\/div>\n\t\t\t\t<\/div>\n\t\t\t\t\t<\/div>\n\t\t<\/div>\n\t\t\t\t\t<\/div>\n\t\t<\/section>\n\t\t\t\t<section class=\"elementor-section elementor-top-section elementor-element elementor-element-74065ee elementor-section-boxed elementor-section-height-default elementor-section-height-default\" data-id=\"74065ee\" data-element_type=\"section\">\n\t\t\t\t\t\t<div class=\"elementor-container elementor-column-gap-no\">\n\t\t\t\t\t<div class=\"elementor-column elementor-col-50 elementor-top-column elementor-element elementor-element-e3b2aa6\" data-id=\"e3b2aa6\" data-element_type=\"column\">\n\t\t\t<div class=\"elementor-widget-wrap elementor-element-populated\">\n\t\t\t\t\t\t<div class=\"elementor-element elementor-element-a9c2587 elementor-widget__width-initial elementor-widget elementor-widget-wesper-section-title\" data-id=\"a9c2587\" data-element_type=\"widget\" data-widget_type=\"wesper-section-title.default\">\n\t\t\t\t<div class=\"elementor-widget-container\">\n\t\t\t          <div class=\"jlcus_sec_title jl_sec_style8 jl_secf_title  no \">\n            <div class=\"jlcus_sect_inner\">\n                                    <h2 class=\"jl-heading-text\">            \n                        <span>\n                                                            CFSA  Auditor i Certifikuar i Sh\u00ebrbimeve Financiare (ACSF)                                                    <\/span>            \n                  <\/h2>\n                                    \n                              <\/div>                    \n                      <\/div>                    \n    \t\t<\/div>\n\t\t\t\t<\/div>\n\t\t\t\t<div class=\"elementor-element elementor-element-7296127 elementor-widget elementor-widget-wesper-section-title\" data-id=\"7296127\" data-element_type=\"widget\" data-widget_type=\"wesper-section-title.default\">\n\t\t\t\t<div class=\"elementor-widget-container\">\n\t\t\t          <div class=\"jlcus_sec_title jl_sec_style8 jl_secf_body  no \">\n            <div class=\"jlcus_sect_inner\">\n                                    <p class=\"jl-heading-text\">            \n                        <span>\n                                                            Me an\u00eb t\u00eb ACSF mund t\u00eb demonstroni thell\u00ebsin\u00eb e njohurive mbi sh\u00ebrbimet financiare duke u shnd\u00ebrruar n\u00eb nj\u00eb auditor profesionist n\u00eb \u00e7\u00ebshtjet e institucioneve t\u00eb sh\u00ebrbimeve financiare. Ky certifikim \u00ebsht\u00eb i vlefsh\u00ebm p\u00ebr punonj\u00ebsit q\u00eb punojn\u00eb n\u00eb institucionet bankare, institucionet e kredive, kompanit\u00eb e sigurimit dhe t\u00eb tjera t\u00eb ngjashme.                                                    <\/span>            \n                  <\/p>\n                                    \n                              <\/div>                    \n                      <\/div>                    \n    \t\t<\/div>\n\t\t\t\t<\/div>\n\t\t\t\t\t<\/div>\n\t\t<\/div>\n\t\t\t\t<div class=\"elementor-column elementor-col-50 elementor-top-column elementor-element elementor-element-651f697\" data-id=\"651f697\" data-element_type=\"column\">\n\t\t\t<div class=\"elementor-widget-wrap elementor-element-populated\">\n\t\t\t\t\t\t<div class=\"elementor-element elementor-element-21b2e26 elementor-widget__width-initial elementor-widget elementor-widget-image\" data-id=\"21b2e26\" data-element_type=\"widget\" data-widget_type=\"image.default\">\n\t\t\t\t<div class=\"elementor-widget-container\">\n\t\t\t\t\t\t\t\t\t\t\t\t\t<img loading=\"lazy\" decoding=\"async\" width=\"140\" height=\"120\" src=\"https:\/\/aiia.al\/wp-content\/uploads\/2024\/04\/CFSA-Key-Graphic-20x17.png\" class=\"attachment-large size-large wp-image-11764 jl-lazyload lazyload\" alt=\"\" data-src=\"https:\/\/aiia.al\/wp-content\/uploads\/2024\/04\/CFSA-Key-Graphic.png\" srcset=\"https:\/\/aiia.al\/wp-content\/uploads\/2024\/04\/CFSA-Key-Graphic-20x17.png 20w, https:\/\/aiia.al\/wp-content\/uploads\/2024\/04\/CFSA-Key-Graphic.png 140w\" sizes=\"(max-width: 140px) 100vw, 140px\" \/>\t\t\t\t\t\t\t\t\t\t\t\t\t<\/div>\n\t\t\t\t<\/div>\n\t\t\t\t\t<\/div>\n\t\t<\/div>\n\t\t\t\t\t<\/div>\n\t\t<\/section>\n\t\t\t\t<\/div>\n\t\t","protected":false},"excerpt":{"rendered":"<p>Udh\u00ebto i sigurt\u00eb p\u00ebrgjat\u00eb karrier\u00ebs t\u00ebnde me kualifikimet e duhura \u00c7ertifikimet \u00c7ertifikimet dhe kualifikimet e IIA mund t\u2019ju ndihmojn\u00eb t\u00eb l\u00ebvizni karrier\u00ebn tuaj n\u00eb drejtimin e duhur, qoft\u00eb kjo karrier\u00eb n\u00eb fillimet e saj apo edhe duke l\u00ebvizur n\u00eb nivele m\u00eb t\u00eb larta. Drejtohuni drejt mund\u00ebsive t\u00eb reja t\u00eb pajisur me dije dhe besueshm\u00ebri! Duke [&hellip;]<\/p>\n","protected":false},"author":1,"featured_media":0,"parent":0,"menu_order":0,"comment_status":"closed","ping_status":"closed","template":"home-page-builder.php","meta":{"pmpro_default_level":"","_themeisle_gutenberg_block_has_review":false,"footnotes":""},"_links":{"self":[{"href":"https:\/\/aiia.al\/index.php\/wp-json\/wp\/v2\/pages\/11751"}],"collection":[{"href":"https:\/\/aiia.al\/index.php\/wp-json\/wp\/v2\/pages"}],"about":[{"href":"https:\/\/aiia.al\/index.php\/wp-json\/wp\/v2\/types\/page"}],"author":[{"embeddable":true,"href":"https:\/\/aiia.al\/index.php\/wp-json\/wp\/v2\/users\/1"}],"replies":[{"embeddable":true,"href":"https:\/\/aiia.al\/index.php\/wp-json\/wp\/v2\/comments?post=11751"}],"version-history":[{"count":58,"href":"https:\/\/aiia.al\/index.php\/wp-json\/wp\/v2\/pages\/11751\/revisions"}],"predecessor-version":[{"id":12246,"href":"https:\/\/aiia.al\/index.php\/wp-json\/wp\/v2\/pages\/11751\/revisions\/12246"}],"wp:attachment":[{"href":"https:\/\/aiia.al\/index.php\/wp-json\/wp\/v2\/media?parent=11751"}],"curies":[{"name":"wp","href":"https:\/\/api.w.org\/{rel}","templated":true}]}}